{"id":118,"date":"2025-08-25T10:40:06","date_gmt":"2025-08-25T10:40:06","guid":{"rendered":"https:\/\/matzmoz.com\/wp\/?page_id=118"},"modified":"2025-08-27T14:26:33","modified_gmt":"2025-08-27T14:26:33","slug":"localizacao","status":"publish","type":"page","link":"https:\/\/matzmoz.com\/wp\/?page_id=118","title":{"rendered":""},"content":{"rendered":"<style>\n  body.page-id-118 {\n    background-color:White;\n  }\n  .matz-table-01 {\n    width: 100%;\n    border-collapse: collapse;\n    font-family: Arial, sans-serif;\n    margin:4px;\n    border:none !important;\n    outline:none !important;\n  }\n  .matz-table-01 tbody {\n    border:none !important;\n    outline:none !important;\n  }\n  .matz-table-01 th, .matz-table-01 td {\n    border: none;\n    padding: 4px;\n    text-align: left;\n  }\n  .matz-table-01 tr {\n    border: none;\n  }\n<\/style>\n<h3>Avenida de Angola<\/h3>\n<p><i class=\"fa-solid fa-house\"><\/i> M\u00e4tz Av de Angola n 1770 Maputo, Mo\u00e7ambique<\/p>\n<p><i class=\"fa-solid fa-phone\"><\/i> +258 82 658 1300 ou  +258 82 089 9710<\/p>\n<table class=\"matz-table-01\">\n<thead>\n<tr>\n<th colspan=\"2\">Hor\u00e1rio<\/th>\n<\/tr>\n<\/thead>\n<tbody>\n<tr>\n<td>Segunda-feira<\/td>\n<td>08:00-18:00<\/td>\n<\/tr>\n<tr>\n<td>Ter\u00e7a-feira<\/td>\n<td>08:00-18:00<\/td>\n<\/tr>\n<tr>\n<td>Quarta-feira<\/td>\n<td>08:00-18:00<\/td>\n<\/tr>\n<tr>\n<td>Quinta-feira<\/td>\n<td>08:00-18:00<\/td>\n<\/tr>\n<tr>\n<td>Sexta-feira<\/td>\n<td>08:00-18:00<\/td>\n<\/tr>\n<tr>\n<td>Sabado<\/td>\n<td>08:00-15:30<\/td>\n<\/tr>\n<tr>\n<td>Domingo<\/td>\n<td>Fechado<\/td>\n<\/tr>\n<\/tbody>\n<\/table>\n<p><div class=\"leaflet-map WPLeafletMap\" style=\"height:500px; width:100%;\"><\/div><script>\nwindow.WPLeafletMapPlugin = window.WPLeafletMapPlugin || [];\nwindow.WPLeafletMapPlugin.push(function WPLeafletMapShortcode() {\/*<script>*\/\nvar baseUrl = atob('aHR0cHM6Ly90aWxlLm9wZW5zdHJlZXRtYXAub3JnL3t6fS97eH0ve3l9LnBuZw==');\nvar base = (!baseUrl && window.MQ) ?\n    window.MQ.mapLayer() : L.tileLayer(baseUrl,\n        L.Util.extend({}, {\n            detectRetina: 0,\n        },\n        {\"subdomains\":\"abc\",\"noWrap\":false,\"maxZoom\":19}        )\n    );\n    var options = L.Util.extend({}, {\n        layers: [base],\n        attributionControl: false\n    },\n    {\"zoomControl\":false,\"scrollWheelZoom\":false,\"doubleClickZoom\":false,\"fitBounds\":false,\"minZoom\":0,\"maxZoom\":19,\"maxBounds\":null,\"attribution\":\"<a href=\\\"http:\\\/\\\/leafletjs.com\\\" title=\\\"A JS library for interactive maps\\\">Leaflet<\\\/a>; \\u00a9 <a href=\\\"http:\\\/\\\/www.openstreetmap.org\\\/copyright\\\">OpenStreetMap<\\\/a> contributors\"},\n    {});\nwindow.WPLeafletMapPlugin.createMap(options).setView([-25.941887,32.574415],16);});<\/script> <script>\nwindow.WPLeafletMapPlugin = window.WPLeafletMapPlugin || [];\nwindow.WPLeafletMapPlugin.push(function WPLeafletMarkerShortcode() {\/*<script>*\/\nvar map = window.WPLeafletMapPlugin.getCurrentMap();\nvar group = window.WPLeafletMapPlugin.getCurrentGroup();\nvar marker_options = window.WPLeafletMapPlugin.getIconOptions({});\nvar marker = L.marker(\n    [-25.941887,32.574415],\n    marker_options\n);\nvar is_image = map.is_image_map;\nif (marker_options.draggable) {\n    marker.on('dragend', function () {\n        var latlng = this.getLatLng();\n        var lat = latlng.lat;\n        var lng = latlng.lng;\n        if (is_image) {\n            console.log('leaflet-marker y=' + lat + ' x=' + lng);\n        } else {\n            console.log('leaflet-marker lat=' + lat + ' lng=' + lng);\n        }\n    });\n}\nmarker.addTo( group );\nmarker.bindPopup(window.WPLeafletMapPlugin.unescape('M\u00e4tz Oficina auto'));window.WPLeafletMapPlugin.markers.push( marker );\n        });<\/script><\/p>\n","protected":false},"excerpt":{"rendered":"<p>Avenida de Angola M\u00e4tz Av de Angola n 1770 Maputo, Mo\u00e7ambique +258 82 658 1300 ou +258 82 089 9710 Hor\u00e1rio Segunda-feira 08:00-18:00 Ter\u00e7a-feira 08:00-18:00 Quarta-feira 08:00-18:00 Quinta-feira 08:00-18:00 Sexta-feira 08:00-18:00 Sabado 08:00-15:30 Domingo Fechado<\/p>\n","protected":false},"author":1,"featured_media":0,"parent":0,"menu_order":0,"comment_status":"closed","ping_status":"closed","template":"","meta":{"footnotes":""},"class_list":["post-118","page","type-page","status-publish","hentry"],"_links":{"self":[{"href":"https:\/\/matzmoz.com\/wp\/index.php?rest_route=\/wp\/v2\/pages\/118","targetHints":{"allow":["GET"]}}],"collection":[{"href":"https:\/\/matzmoz.com\/wp\/index.php?rest_route=\/wp\/v2\/pages"}],"about":[{"href":"https:\/\/matzmoz.com\/wp\/index.php?rest_route=\/wp\/v2\/types\/page"}],"author":[{"embeddable":true,"href":"https:\/\/matzmoz.com\/wp\/index.php?rest_route=\/wp\/v2\/users\/1"}],"replies":[{"embeddable":true,"href":"https:\/\/matzmoz.com\/wp\/index.php?rest_route=%2Fwp%2Fv2%2Fcomments&post=118"}],"version-history":[{"count":28,"href":"https:\/\/matzmoz.com\/wp\/index.php?rest_route=\/wp\/v2\/pages\/118\/revisions"}],"predecessor-version":[{"id":225,"href":"https:\/\/matzmoz.com\/wp\/index.php?rest_route=\/wp\/v2\/pages\/118\/revisions\/225"}],"wp:attachment":[{"href":"https:\/\/matzmoz.com\/wp\/index.php?rest_route=%2Fwp%2Fv2%2Fmedia&parent=118"}],"curies":[{"name":"wp","href":"https:\/\/api.w.org\/{rel}","templated":true}]}}